{"id":51459,"date":"2026-02-14T10:06:56","date_gmt":"2026-02-14T10:06:56","guid":{"rendered":"https:\/\/latelier35.rs\/?page_id=51459"},"modified":"2026-03-24T18:29:11","modified_gmt":"2026-03-24T18:29:11","slug":"blog","status":"publish","type":"page","link":"https:\/\/latelier35.rs\/en\/blog\/","title":{"rendered":"Blog"},"content":{"rendered":"<div data-elementor-type=\"wp-page\" data-elementor-id=\"51459\" class=\"elementor elementor-51459\">\n\t\t\t\t<div class=\"elementor-element elementor-element-ac7fb5c e-con-full e-flex e-con e-parent\" data-id=\"ac7fb5c\" data-element_type=\"container\" data-e-type=\"container\" data-settings=\"{&quot;background_background&quot;:&quot;classic&quot;}\">\n\t\t\t\t<div class=\"elementor-element elementor-element-2bc3d45 elementor-widget elementor-widget-heading\" data-id=\"2bc3d45\" data-element_type=\"widget\" data-e-type=\"widget\" data-widget_type=\"heading.default\">\n\t\t\t\t<div class=\"elementor-widget-container\">\n\t\t\t\t\t<h2 class=\"elementor-heading-title elementor-size-default\">Blog<\/h2>\t\t\t\t<\/div>\n\t\t\t\t<\/div>\n\t\t\t\t<\/div>\n\t\t<div class=\"elementor-element elementor-element-dd26121 e-flex e-con-boxed e-con e-parent\" data-id=\"dd26121\" data-element_type=\"container\" data-e-type=\"container\">\n\t\t\t\t\t<div class=\"e-con-inner\">\n\t\t\t\t<div class=\"elementor-element elementor-element-888c3eb elementor-widget__width-initial lte-heading-align-mobile-center lte-heading-align-center elementor-widget elementor-widget-lte-header\" data-id=\"888c3eb\" data-element_type=\"widget\" data-e-type=\"widget\" data-widget_type=\"lte-header.default\">\n\t\t\t\t<div class=\"elementor-widget-container\">\n\t\t\t\t\t<div class=\"lte-heading lte-style-header-subheader lte-uppercase lte-color-gray-light lte-subcolor-main has-subheader lte-typed-enabled heading-tag-h5 heading-subtag-h6\"><div class=\"lte-heading-content\"><h6 class=\"lte-subheader\">L'atelier 35<\/h6><h5 class=\"lte-header\">All about hairstyles <em class=\"lte-typed-text\"><\/em><\/h5><\/div><\/div>\t\t\t\t<\/div>\n\t\t\t\t<\/div>\n\t\t\t\t\t<\/div>\n\t\t\t\t<\/div>\n\t\t<div class=\"elementor-element elementor-element-fac420a e-flex e-con-boxed e-con e-parent\" data-id=\"fac420a\" data-element_type=\"container\" data-e-type=\"container\">\n\t\t\t\t\t<div class=\"e-con-inner\">\n\t\t\t\t<div class=\"elementor-element elementor-element-51ed332 elementor-widget elementor-widget-lte-blog\" data-id=\"51ed332\" data-element_type=\"widget\" data-e-type=\"widget\" data-widget_type=\"lte-blog.default\">\n\t\t\t\t<div class=\"elementor-widget-container\">\n\t\t\t\t\t<div class=\"blog lte-blog-sc row centered layout-posts\"><div class=\"items col-xl-3 col-lg-3 col-md-3 col-sm-4 col-ms-4 col-xs-12\"><article class=\"post-51692 post type-post status-publish format-standard has-post-thumbnail hentry category-blog\">\n\t<a href=\"https:\/\/latelier35.rs\/en\/frizerski-salon-beograd\/\" class=\"lte-photo\"><img loading=\"lazy\" decoding=\"async\" width=\"500\" height=\"333\" src=\"https:\/\/latelier35.rs\/wp-content\/uploads\/2026\/02\/Latelier35-008-500x333.jpg\" class=\"attachment-haires-blog-square size-haires-blog-square wp-post-image\" alt=\"\" srcset=\"https:\/\/latelier35.rs\/wp-content\/uploads\/2026\/02\/Latelier35-008-500x333.jpg 500w, https:\/\/latelier35.rs\/wp-content\/uploads\/2026\/02\/Latelier35-008-300x200.jpg 300w, https:\/\/latelier35.rs\/wp-content\/uploads\/2026\/02\/Latelier35-008-1024x683.jpg 1024w, https:\/\/latelier35.rs\/wp-content\/uploads\/2026\/02\/Latelier35-008-768x512.jpg 768w, https:\/\/latelier35.rs\/wp-content\/uploads\/2026\/02\/Latelier35-008-1536x1024.jpg 1536w, https:\/\/latelier35.rs\/wp-content\/uploads\/2026\/02\/Latelier35-008-2048x1366.jpg 2048w, https:\/\/latelier35.rs\/wp-content\/uploads\/2026\/02\/Latelier35-008-100x67.jpg 100w, https:\/\/latelier35.rs\/wp-content\/uploads\/2026\/02\/Latelier35-008-800x533.jpg 800w, https:\/\/latelier35.rs\/wp-content\/uploads\/2026\/02\/Latelier35-008-540x360.jpg 540w, https:\/\/latelier35.rs\/wp-content\/uploads\/2026\/02\/Latelier35-008-600x400.jpg 600w\" sizes=\"auto, (max-width: 500px) 100vw, 500px\" \/><span class=\"lte-photo-overlay\"><\/span><\/a> \t\n\t  \t\n    <div class=\"lte-description\"> \n\n        <a href=\"https:\/\/latelier35.rs\/en\/frizerski-salon-beograd\/\" class=\"lte-header\"><h3>Frizerski salon Beograd \u2013 kako prona\u0107i pravi salon za negu i stil kose<\/h3><\/a>\n\t\t<div class=\"lte-excerpt\">Afro kikice Beograd postaju sve popularniji izbor za osobe koje \u017eele za\u0161titnu frizuru, dugotrajno stilizovanje i upe\u010datljiv izgled koji \u010duva prirodnu strukturu kose.<\/div><ul class=\"lte-post-info\"><li class=\"lte-post-date\"><a href=\"https:\/\/latelier35.rs\/en\/frizerski-salon-beograd\/\" class=\"lte-date\"><span class=\"dt\">March 24, 2026<\/span><\/a><\/li><\/ul>    <\/div>    \n<\/article><\/div><div class=\"items col-xl-3 col-lg-3 col-md-3 col-sm-4 col-ms-4 col-xs-12\"><article class=\"post-51687 post type-post status-publish format-standard has-post-thumbnail hentry category-blog\">\n\t<a href=\"https:\/\/latelier35.rs\/en\/frizerski-saloni\/\" class=\"lte-photo\"><img loading=\"lazy\" decoding=\"async\" width=\"500\" height=\"333\" src=\"https:\/\/latelier35.rs\/wp-content\/uploads\/2026\/02\/Latelier35-007-500x333.jpg\" class=\"attachment-haires-blog-square size-haires-blog-square wp-post-image\" alt=\"\" srcset=\"https:\/\/latelier35.rs\/wp-content\/uploads\/2026\/02\/Latelier35-007-500x333.jpg 500w, https:\/\/latelier35.rs\/wp-content\/uploads\/2026\/02\/Latelier35-007-300x200.jpg 300w, https:\/\/latelier35.rs\/wp-content\/uploads\/2026\/02\/Latelier35-007-1024x683.jpg 1024w, https:\/\/latelier35.rs\/wp-content\/uploads\/2026\/02\/Latelier35-007-768x512.jpg 768w, https:\/\/latelier35.rs\/wp-content\/uploads\/2026\/02\/Latelier35-007-1536x1024.jpg 1536w, https:\/\/latelier35.rs\/wp-content\/uploads\/2026\/02\/Latelier35-007-2048x1366.jpg 2048w, https:\/\/latelier35.rs\/wp-content\/uploads\/2026\/02\/Latelier35-007-100x67.jpg 100w, https:\/\/latelier35.rs\/wp-content\/uploads\/2026\/02\/Latelier35-007-800x533.jpg 800w, https:\/\/latelier35.rs\/wp-content\/uploads\/2026\/02\/Latelier35-007-540x360.jpg 540w, https:\/\/latelier35.rs\/wp-content\/uploads\/2026\/02\/Latelier35-007-600x400.jpg 600w\" sizes=\"auto, (max-width: 500px) 100vw, 500px\" \/><span class=\"lte-photo-overlay\"><\/span><\/a> \t\n\t  \t\n    <div class=\"lte-description\"> \n\n        <a href=\"https:\/\/latelier35.rs\/en\/frizerski-saloni\/\" class=\"lte-header\"><h3>Frizerski saloni \u2013 kako izabrati pravi salon za negu i stil kose<\/h3><\/a>\n\t\t<div class=\"lte-excerpt\">Kada se govori o nezi i izgledu kose, izbor pravog mesta igra klju\u010dnu ulogu. Danas postoji veliki broj opcija, ali nisu svi frizerski saloni na istom nivou kada je u pitanju kvalitet usluge, stru\u010dnost i pristup klijentu.<\/div><ul class=\"lte-post-info\"><li class=\"lte-post-date\"><a href=\"https:\/\/latelier35.rs\/en\/frizerski-saloni\/\" class=\"lte-date\"><span class=\"dt\">March 24, 2026<\/span><\/a><\/li><\/ul>    <\/div>    \n<\/article><\/div><div class=\"items col-xl-3 col-lg-3 col-md-3 col-sm-4 col-ms-4 col-xs-12\"><article class=\"post-51661 post type-post status-publish format-standard has-post-thumbnail hentry category-blog\">\n\t<a href=\"https:\/\/latelier35.rs\/en\/kovrdzava-kosa-strucna-nega-i-sisanje-u-salonu-latelier-35\/\" class=\"lte-photo\"><img loading=\"lazy\" decoding=\"async\" width=\"500\" height=\"333\" src=\"https:\/\/latelier35.rs\/wp-content\/uploads\/2026\/02\/Latelier35-155-500x333.jpg\" class=\"attachment-haires-blog-square size-haires-blog-square wp-post-image\" alt=\"\" srcset=\"https:\/\/latelier35.rs\/wp-content\/uploads\/2026\/02\/Latelier35-155-500x333.jpg 500w, https:\/\/latelier35.rs\/wp-content\/uploads\/2026\/02\/Latelier35-155-300x200.jpg 300w, https:\/\/latelier35.rs\/wp-content\/uploads\/2026\/02\/Latelier35-155-1024x683.jpg 1024w, https:\/\/latelier35.rs\/wp-content\/uploads\/2026\/02\/Latelier35-155-768x512.jpg 768w, https:\/\/latelier35.rs\/wp-content\/uploads\/2026\/02\/Latelier35-155-1536x1024.jpg 1536w, https:\/\/latelier35.rs\/wp-content\/uploads\/2026\/02\/Latelier35-155-2048x1366.jpg 2048w, https:\/\/latelier35.rs\/wp-content\/uploads\/2026\/02\/Latelier35-155-100x67.jpg 100w, https:\/\/latelier35.rs\/wp-content\/uploads\/2026\/02\/Latelier35-155-800x533.jpg 800w, https:\/\/latelier35.rs\/wp-content\/uploads\/2026\/02\/Latelier35-155-540x360.jpg 540w, https:\/\/latelier35.rs\/wp-content\/uploads\/2026\/02\/Latelier35-155-600x400.jpg 600w\" sizes=\"auto, (max-width: 500px) 100vw, 500px\" \/><span class=\"lte-photo-overlay\"><\/span><\/a> \t\n\t  \t\n    <div class=\"lte-description\"> \n\n        <a href=\"https:\/\/latelier35.rs\/en\/kovrdzava-kosa-strucna-nega-i-sisanje-u-salonu-latelier-35\/\" class=\"lte-header\"><h3>Kovrd\u017eava kosa \u2013 stru\u010dna nega i \u0161i\u0161anje u salonu L\u2019atelier 35<\/h3><\/a>\n\t\t<div class=\"lte-excerpt\">Afro kikice Beograd postaju sve popularniji izbor za osobe koje \u017eele za\u0161titnu frizuru, dugotrajno stilizovanje i upe\u010datljiv izgled koji \u010duva prirodnu strukturu kose.<\/div><ul class=\"lte-post-info\"><li class=\"lte-post-date\"><a href=\"https:\/\/latelier35.rs\/en\/kovrdzava-kosa-strucna-nega-i-sisanje-u-salonu-latelier-35\/\" class=\"lte-date\"><span class=\"dt\">March 1, 2026<\/span><\/a><\/li><\/ul>    <\/div>    \n<\/article><\/div><div class=\"items col-xl-3 col-lg-3 col-md-3 col-sm-4 col-ms-4 col-xs-12\"><article class=\"post-51650 post type-post status-publish format-standard has-post-thumbnail hentry category-blog\">\n\t<a href=\"https:\/\/latelier35.rs\/en\/afro-kikice-beograd-profesionalna-izrada-i-zastita-kose-u-salonu-latelier-35\/\" class=\"lte-photo\"><img loading=\"lazy\" decoding=\"async\" width=\"500\" height=\"333\" src=\"https:\/\/latelier35.rs\/wp-content\/uploads\/2026\/02\/Latelier35-242-500x333.jpg\" class=\"attachment-haires-blog-square size-haires-blog-square wp-post-image\" alt=\"\" srcset=\"https:\/\/latelier35.rs\/wp-content\/uploads\/2026\/02\/Latelier35-242-500x333.jpg 500w, https:\/\/latelier35.rs\/wp-content\/uploads\/2026\/02\/Latelier35-242-300x200.jpg 300w, https:\/\/latelier35.rs\/wp-content\/uploads\/2026\/02\/Latelier35-242-1024x682.jpg 1024w, https:\/\/latelier35.rs\/wp-content\/uploads\/2026\/02\/Latelier35-242-768x511.jpg 768w, https:\/\/latelier35.rs\/wp-content\/uploads\/2026\/02\/Latelier35-242-1536x1022.jpg 1536w, https:\/\/latelier35.rs\/wp-content\/uploads\/2026\/02\/Latelier35-242-2048x1363.jpg 2048w, https:\/\/latelier35.rs\/wp-content\/uploads\/2026\/02\/Latelier35-242-100x67.jpg 100w, https:\/\/latelier35.rs\/wp-content\/uploads\/2026\/02\/Latelier35-242-800x532.jpg 800w, https:\/\/latelier35.rs\/wp-content\/uploads\/2026\/02\/Latelier35-242-540x359.jpg 540w, https:\/\/latelier35.rs\/wp-content\/uploads\/2026\/02\/Latelier35-242-600x399.jpg 600w\" sizes=\"auto, (max-width: 500px) 100vw, 500px\" \/><span class=\"lte-photo-overlay\"><\/span><\/a> \t\n\t  \t\n    <div class=\"lte-description\"> \n\n        <a href=\"https:\/\/latelier35.rs\/en\/afro-kikice-beograd-profesionalna-izrada-i-zastita-kose-u-salonu-latelier-35\/\" class=\"lte-header\"><h3>Afro kikice Beograd \u2013 profesionalna izrada i za\u0161tita kose u salonu L\u2019atelier 35<\/h3><\/a>\n\t\t<div class=\"lte-excerpt\">Afro kikice Beograd postaju sve popularniji izbor za osobe koje \u017eele za\u0161titnu frizuru, dugotrajno stilizovanje i upe\u010datljiv izgled koji \u010duva prirodnu strukturu kose.<\/div><ul class=\"lte-post-info\"><li class=\"lte-post-date\"><a href=\"https:\/\/latelier35.rs\/en\/afro-kikice-beograd-profesionalna-izrada-i-zastita-kose-u-salonu-latelier-35\/\" class=\"lte-date\"><span class=\"dt\">February 27, 2026<\/span><\/a><\/li><\/ul>    <\/div>    \n<\/article><\/div><div class=\"items col-xl-3 col-lg-3 col-md-3 col-sm-4 col-ms-4 col-xs-12\"><article class=\"post-25620 post type-post status-publish format-standard has-post-thumbnail hentry category-blog\">\n\t<a href=\"https:\/\/latelier35.rs\/en\/afro-kosa-beograd-strucna-nega-i-stil-u-salonu-latelier-35\/\" class=\"lte-photo\"><img loading=\"lazy\" decoding=\"async\" width=\"500\" height=\"333\" src=\"https:\/\/latelier35.rs\/wp-content\/uploads\/2026\/02\/Latelier35-007-500x333.jpg\" class=\"attachment-haires-blog-square size-haires-blog-square wp-post-image\" alt=\"\" srcset=\"https:\/\/latelier35.rs\/wp-content\/uploads\/2026\/02\/Latelier35-007-500x333.jpg 500w, https:\/\/latelier35.rs\/wp-content\/uploads\/2026\/02\/Latelier35-007-300x200.jpg 300w, https:\/\/latelier35.rs\/wp-content\/uploads\/2026\/02\/Latelier35-007-1024x683.jpg 1024w, https:\/\/latelier35.rs\/wp-content\/uploads\/2026\/02\/Latelier35-007-768x512.jpg 768w, https:\/\/latelier35.rs\/wp-content\/uploads\/2026\/02\/Latelier35-007-1536x1024.jpg 1536w, https:\/\/latelier35.rs\/wp-content\/uploads\/2026\/02\/Latelier35-007-2048x1366.jpg 2048w, https:\/\/latelier35.rs\/wp-content\/uploads\/2026\/02\/Latelier35-007-100x67.jpg 100w, https:\/\/latelier35.rs\/wp-content\/uploads\/2026\/02\/Latelier35-007-800x533.jpg 800w, https:\/\/latelier35.rs\/wp-content\/uploads\/2026\/02\/Latelier35-007-540x360.jpg 540w, https:\/\/latelier35.rs\/wp-content\/uploads\/2026\/02\/Latelier35-007-600x400.jpg 600w\" sizes=\"auto, (max-width: 500px) 100vw, 500px\" \/><span class=\"lte-photo-overlay\"><\/span><\/a> \t\n\t  \t\n    <div class=\"lte-description\"> \n\n        <a href=\"https:\/\/latelier35.rs\/en\/afro-kosa-beograd-strucna-nega-i-stil-u-salonu-latelier-35\/\" class=\"lte-header\"><h3>Afro kosa Beograd \u2013 stru\u010dna nega i stil u salonu L\u2019atelier 35<\/h3><\/a>\n\t\t<div class=\"lte-excerpt\">Afro kosa u Beogradu postaje sve tra\u017eenija tema me\u0111u osobama koje \u017eele stru\u010dnu negu, pravilno \u0161i\u0161anje i profesionalno stilizovanje prirodne teksture kose.<\/div><ul class=\"lte-post-info\"><li class=\"lte-post-date\"><a href=\"https:\/\/latelier35.rs\/en\/afro-kosa-beograd-strucna-nega-i-stil-u-salonu-latelier-35\/\" class=\"lte-date\"><span class=\"dt\">October 14, 2024<\/span><\/a><\/li><\/ul>    <\/div>    \n<\/article><\/div><\/div><div class=\"clearfix\"><\/div>\t\t\t\t<\/div>\n\t\t\t\t<\/div>\n\t\t\t\t\t<\/div>\n\t\t\t\t<\/div>\n\t\t\t\t<\/div>","protected":false},"excerpt":{"rendered":"<p>Blog L&#8217;atelier 35 Sve o frizurama Frizerski salon Beograd \u2013 kako prona\u0107i pravi salon za negu i stil kose Afro kikice Beograd postaju sve popularniji izbor za osobe koje \u017eele za\u0161titnu frizuru, dugotrajno stilizovanje i upe\u010datljiv izgled koji \u010duva prirodnu strukturu kose. March 24, 2026 Frizerski saloni \u2013 kako izabrati pravi salon za negu i [&hellip;]<\/p>\n","protected":false},"author":1,"featured_media":49564,"parent":0,"menu_order":0,"comment_status":"closed","ping_status":"closed","template":"page-templates\/full-width.php","meta":{"footnotes":""},"class_list":["post-51459","page","type-page","status-publish","has-post-thumbnail","hentry"],"yoast_head":"<!-- This site is optimized with the Yoast SEO plugin v27.0 - https:\/\/yoast.com\/product\/yoast-seo-wordpress\/ -->\n<title>Blog - Latelier 35<\/title>\n<meta name=\"robots\" content=\"index, follow, max-snippet:-1, max-image-preview:large, max-video-preview:-1\" \/>\n<link rel=\"canonical\" href=\"https:\/\/latelier35.rs\/en\/blog\/\" \/>\n<meta property=\"og:locale\" content=\"en_GB\" \/>\n<meta property=\"og:type\" content=\"article\" \/>\n<meta property=\"og:title\" content=\"Blog - Latelier 35\" \/>\n<meta property=\"og:description\" content=\"Blog L&#8217;atelier 35 Sve o frizurama Frizerski salon Beograd \u2013 kako prona\u0107i pravi salon za negu i stil kose Afro kikice Beograd postaju sve popularniji izbor za osobe koje \u017eele za\u0161titnu frizuru, dugotrajno stilizovanje i upe\u010datljiv izgled koji \u010duva prirodnu strukturu kose. March 24, 2026 Frizerski saloni \u2013 kako izabrati pravi salon za negu i [&hellip;]\" \/>\n<meta property=\"og:url\" content=\"https:\/\/latelier35.rs\/en\/blog\/\" \/>\n<meta property=\"og:site_name\" content=\"Latelier 35\" \/>\n<meta property=\"article:modified_time\" content=\"2026-03-24T18:29:11+00:00\" \/>\n<meta property=\"og:image\" content=\"https:\/\/latelier35.rs\/wp-content\/uploads\/2025\/10\/inner_header_contacts.jpg\" \/>\n\t<meta property=\"og:image:width\" content=\"1920\" \/>\n\t<meta property=\"og:image:height\" content=\"1200\" \/>\n\t<meta property=\"og:image:type\" content=\"image\/jpeg\" \/>\n<meta name=\"twitter:card\" content=\"summary_large_image\" \/>\n<meta name=\"twitter:label1\" content=\"Estimated reading time\" \/>\n\t<meta name=\"twitter:data1\" content=\"2 minutes\" \/>\n<script type=\"application\/ld+json\" class=\"yoast-schema-graph\">{\"@context\":\"https:\/\/schema.org\",\"@graph\":[{\"@type\":\"WebPage\",\"@id\":\"https:\/\/latelier35.rs\/blog\/\",\"url\":\"https:\/\/latelier35.rs\/blog\/\",\"name\":\"Blog - Latelier 35\",\"isPartOf\":{\"@id\":\"https:\/\/latelier35.rs\/#website\"},\"primaryImageOfPage\":{\"@id\":\"https:\/\/latelier35.rs\/blog\/#primaryimage\"},\"image\":{\"@id\":\"https:\/\/latelier35.rs\/blog\/#primaryimage\"},\"thumbnailUrl\":\"https:\/\/latelier35.rs\/wp-content\/uploads\/2025\/10\/inner_header_contacts.jpg\",\"datePublished\":\"2026-02-14T10:06:56+00:00\",\"dateModified\":\"2026-03-24T18:29:11+00:00\",\"breadcrumb\":{\"@id\":\"https:\/\/latelier35.rs\/blog\/#breadcrumb\"},\"inLanguage\":\"en-GB\",\"potentialAction\":[{\"@type\":\"ReadAction\",\"target\":[\"https:\/\/latelier35.rs\/blog\/\"]}]},{\"@type\":\"ImageObject\",\"inLanguage\":\"en-GB\",\"@id\":\"https:\/\/latelier35.rs\/blog\/#primaryimage\",\"url\":\"https:\/\/latelier35.rs\/wp-content\/uploads\/2025\/10\/inner_header_contacts.jpg\",\"contentUrl\":\"https:\/\/latelier35.rs\/wp-content\/uploads\/2025\/10\/inner_header_contacts.jpg\",\"width\":1920,\"height\":1200},{\"@type\":\"BreadcrumbList\",\"@id\":\"https:\/\/latelier35.rs\/blog\/#breadcrumb\",\"itemListElement\":[{\"@type\":\"ListItem\",\"position\":1,\"name\":\"Home\",\"item\":\"https:\/\/latelier35.rs\/\"},{\"@type\":\"ListItem\",\"position\":2,\"name\":\"Blog\"}]},{\"@type\":\"WebSite\",\"@id\":\"https:\/\/latelier35.rs\/#website\",\"url\":\"https:\/\/latelier35.rs\/\",\"name\":\"Latelier 35\",\"description\":\"\",\"publisher\":{\"@id\":\"https:\/\/latelier35.rs\/#organization\"},\"potentialAction\":[{\"@type\":\"SearchAction\",\"target\":{\"@type\":\"EntryPoint\",\"urlTemplate\":\"https:\/\/latelier35.rs\/?s={search_term_string}\"},\"query-input\":{\"@type\":\"PropertyValueSpecification\",\"valueRequired\":true,\"valueName\":\"search_term_string\"}}],\"inLanguage\":\"en-GB\"},{\"@type\":\"Organization\",\"@id\":\"https:\/\/latelier35.rs\/#organization\",\"name\":\"Latelier 35\",\"url\":\"https:\/\/latelier35.rs\/\",\"logo\":{\"@type\":\"ImageObject\",\"inLanguage\":\"en-GB\",\"@id\":\"https:\/\/latelier35.rs\/#\/schema\/logo\/image\/\",\"url\":\"https:\/\/latelier35.rs\/wp-content\/uploads\/2026\/02\/Latelier35-crni-1024x683.png\",\"contentUrl\":\"https:\/\/latelier35.rs\/wp-content\/uploads\/2026\/02\/Latelier35-crni-1024x683.png\",\"width\":1024,\"height\":683,\"caption\":\"Latelier 35\"},\"image\":{\"@id\":\"https:\/\/latelier35.rs\/#\/schema\/logo\/image\/\"}}]}<\/script>\n<!-- \/ Yoast SEO plugin. -->","yoast_head_json":{"title":"Blog - Latelier 35","robots":{"index":"index","follow":"follow","max-snippet":"max-snippet:-1","max-image-preview":"max-image-preview:large","max-video-preview":"max-video-preview:-1"},"canonical":"https:\/\/latelier35.rs\/en\/blog\/","og_locale":"en_GB","og_type":"article","og_title":"Blog - Latelier 35","og_description":"Blog L&#8217;atelier 35 Sve o frizurama Frizerski salon Beograd \u2013 kako prona\u0107i pravi salon za negu i stil kose Afro kikice Beograd postaju sve popularniji izbor za osobe koje \u017eele za\u0161titnu frizuru, dugotrajno stilizovanje i upe\u010datljiv izgled koji \u010duva prirodnu strukturu kose. March 24, 2026 Frizerski saloni \u2013 kako izabrati pravi salon za negu i [&hellip;]","og_url":"https:\/\/latelier35.rs\/en\/blog\/","og_site_name":"Latelier 35","article_modified_time":"2026-03-24T18:29:11+00:00","og_image":[{"width":1920,"height":1200,"url":"https:\/\/latelier35.rs\/wp-content\/uploads\/2025\/10\/inner_header_contacts.jpg","type":"image\/jpeg"}],"twitter_card":"summary_large_image","twitter_misc":{"Estimated reading time":"2 minutes"},"schema":{"@context":"https:\/\/schema.org","@graph":[{"@type":"WebPage","@id":"https:\/\/latelier35.rs\/blog\/","url":"https:\/\/latelier35.rs\/blog\/","name":"Blog - Latelier 35","isPartOf":{"@id":"https:\/\/latelier35.rs\/#website"},"primaryImageOfPage":{"@id":"https:\/\/latelier35.rs\/blog\/#primaryimage"},"image":{"@id":"https:\/\/latelier35.rs\/blog\/#primaryimage"},"thumbnailUrl":"https:\/\/latelier35.rs\/wp-content\/uploads\/2025\/10\/inner_header_contacts.jpg","datePublished":"2026-02-14T10:06:56+00:00","dateModified":"2026-03-24T18:29:11+00:00","breadcrumb":{"@id":"https:\/\/latelier35.rs\/blog\/#breadcrumb"},"inLanguage":"en-GB","potentialAction":[{"@type":"ReadAction","target":["https:\/\/latelier35.rs\/blog\/"]}]},{"@type":"ImageObject","inLanguage":"en-GB","@id":"https:\/\/latelier35.rs\/blog\/#primaryimage","url":"https:\/\/latelier35.rs\/wp-content\/uploads\/2025\/10\/inner_header_contacts.jpg","contentUrl":"https:\/\/latelier35.rs\/wp-content\/uploads\/2025\/10\/inner_header_contacts.jpg","width":1920,"height":1200},{"@type":"BreadcrumbList","@id":"https:\/\/latelier35.rs\/blog\/#breadcrumb","itemListElement":[{"@type":"ListItem","position":1,"name":"Home","item":"https:\/\/latelier35.rs\/"},{"@type":"ListItem","position":2,"name":"Blog"}]},{"@type":"WebSite","@id":"https:\/\/latelier35.rs\/#website","url":"https:\/\/latelier35.rs\/","name":"Latelier 35","description":"","publisher":{"@id":"https:\/\/latelier35.rs\/#organization"},"potentialAction":[{"@type":"SearchAction","target":{"@type":"EntryPoint","urlTemplate":"https:\/\/latelier35.rs\/?s={search_term_string}"},"query-input":{"@type":"PropertyValueSpecification","valueRequired":true,"valueName":"search_term_string"}}],"inLanguage":"en-GB"},{"@type":"Organization","@id":"https:\/\/latelier35.rs\/#organization","name":"Latelier 35","url":"https:\/\/latelier35.rs\/","logo":{"@type":"ImageObject","inLanguage":"en-GB","@id":"https:\/\/latelier35.rs\/#\/schema\/logo\/image\/","url":"https:\/\/latelier35.rs\/wp-content\/uploads\/2026\/02\/Latelier35-crni-1024x683.png","contentUrl":"https:\/\/latelier35.rs\/wp-content\/uploads\/2026\/02\/Latelier35-crni-1024x683.png","width":1024,"height":683,"caption":"Latelier 35"},"image":{"@id":"https:\/\/latelier35.rs\/#\/schema\/logo\/image\/"}}]}},"_links":{"self":[{"href":"https:\/\/latelier35.rs\/en\/wp-json\/wp\/v2\/pages\/51459","targetHints":{"allow":["GET"]}}],"collection":[{"href":"https:\/\/latelier35.rs\/en\/wp-json\/wp\/v2\/pages"}],"about":[{"href":"https:\/\/latelier35.rs\/en\/wp-json\/wp\/v2\/types\/page"}],"author":[{"embeddable":true,"href":"https:\/\/latelier35.rs\/en\/wp-json\/wp\/v2\/users\/1"}],"replies":[{"embeddable":true,"href":"https:\/\/latelier35.rs\/en\/wp-json\/wp\/v2\/comments?post=51459"}],"version-history":[{"count":19,"href":"https:\/\/latelier35.rs\/en\/wp-json\/wp\/v2\/pages\/51459\/revisions"}],"predecessor-version":[{"id":51697,"href":"https:\/\/latelier35.rs\/en\/wp-json\/wp\/v2\/pages\/51459\/revisions\/51697"}],"wp:featuredmedia":[{"embeddable":true,"href":"https:\/\/latelier35.rs\/en\/wp-json\/wp\/v2\/media\/49564"}],"wp:attachment":[{"href":"https:\/\/latelier35.rs\/en\/wp-json\/wp\/v2\/media?parent=51459"}],"curies":[{"name":"wp","href":"https:\/\/api.w.org\/{rel}","templated":true}]}}