{"id":13611,"date":"2020-04-13T22:21:39","date_gmt":"2020-04-13T22:21:39","guid":{"rendered":"http:\/\/latelier35.rs\/?page_id=13611"},"modified":"2026-02-22T16:28:02","modified_gmt":"2026-02-22T16:28:02","slug":"kontakt","status":"publish","type":"page","link":"https:\/\/latelier35.rs\/en\/kontakt\/","title":{"rendered":"Contact"},"content":{"rendered":"<div data-elementor-type=\"wp-page\" data-elementor-id=\"13611\" class=\"elementor elementor-13611\">\n\t\t\t\t<div class=\"elementor-element elementor-element-ac7fb5c e-con-full e-flex e-con e-parent\" data-id=\"ac7fb5c\" data-element_type=\"container\" data-e-type=\"container\" data-settings=\"{&quot;background_background&quot;:&quot;classic&quot;}\">\n\t\t\t\t<div class=\"elementor-element elementor-element-2bc3d45 elementor-widget elementor-widget-heading\" data-id=\"2bc3d45\" data-element_type=\"widget\" data-e-type=\"widget\" data-widget_type=\"heading.default\">\n\t\t\t\t<div class=\"elementor-widget-container\">\n\t\t\t\t\t<h2 class=\"elementor-heading-title elementor-size-default\">Contact<\/h2>\t\t\t\t<\/div>\n\t\t\t\t<\/div>\n\t\t\t\t<\/div>\n\t\t<div class=\"elementor-element elementor-element-9a5fded e-flex e-con-boxed e-con e-parent\" data-id=\"9a5fded\" data-element_type=\"container\" data-e-type=\"container\">\n\t\t\t\t\t<div class=\"e-con-inner\">\n\t\t<div class=\"elementor-element elementor-element-13f3e7f e-con-full e-flex e-con e-child\" data-id=\"13f3e7f\" data-element_type=\"container\" data-e-type=\"container\">\n\t\t\t\t<div class=\"elementor-element elementor-element-a8eb04e lte-heading-align-tablet-center elementor-widget elementor-widget-lte-header\" data-id=\"a8eb04e\" data-element_type=\"widget\" data-e-type=\"widget\" data-widget_type=\"lte-header.default\">\n\t\t\t\t<div class=\"elementor-widget-container\">\n\t\t\t\t\t<div class=\"lte-heading lte-style-header-subheader lte-uppercase lte-subcolor-main has-subheader heading-tag-h5 heading-subtag-h6\"><div class=\"lte-heading-content\"><h6 class=\"lte-subheader\">RESERVATIONS AND INFORMATION<\/h6><h5 class=\"lte-header translation-block\">DO YOU NEED <br>\nADVICE OR AN APPOINTMENT?<\/h5><\/div><\/div>\t\t\t\t<\/div>\n\t\t\t\t<\/div>\n\t\t\t\t<div class=\"elementor-element elementor-element-75af2b2 elementor-widget__width-initial elementor-widget elementor-widget-text-editor\" data-id=\"75af2b2\" data-element_type=\"widget\" data-e-type=\"widget\" data-widget_type=\"text-editor.default\">\n\t\t\t\t<div class=\"elementor-widget-container\">\n\t\t\t\t\t\t\t\t\t<p class=\"translation-block\">Write to us for a consultation, service recommendations, or additional information.<br data-start=\"512\" data-end=\"515\">Our team will respond to you as soon as possible.<\/p>\t\t\t\t\t\t\t\t<\/div>\n\t\t\t\t<\/div>\n\t\t\t\t<div class=\"elementor-element elementor-element-919c631 elementor-widget-tablet__width-initial elementor-widget elementor-widget-lte-icons\" data-id=\"919c631\" data-element_type=\"widget\" data-e-type=\"widget\" data-widget_type=\"lte-icons.default\">\n\t\t\t\t<div class=\"elementor-widget-container\">\n\t\t\t\t\t<ul class=\"lte-block-icon layout-cols1 lte-icons-count-3 lte-icon-space-sm lte-icon-shape-default lte-icon-shape-color- lte-icon-color-main lte-icon-divider-disabled lte-icon-size-xsmall lte-header-color-default lte-icon-type-left lte-icon-header-tag-small\"><li class=\"lte-item col-xl-12 col-xs-12\"><a href=\"tel:+381692704385\"   class=\"lte-inner\"><i aria-hidden=\"true\" class=\"fas fa-phone-alt\"><\/i><span class=\"lte-after-el\"><\/span><span class=\"lte-icon-content\"> <span class=\"lte-header lte-small\"> +381 69-270-43-85 <\/span> <\/span><\/a><\/li><li class=\"lte-item col-xl-12 col-xs-12\"><a href=\"https:\/\/www.google.com\/maps\/place\/%D0%94%D1%80+%D0%9C%D0%B8%D0%BB%D1%83%D1%82%D0%B8%D0%BD%D0%B0+%D0%98%D0%B2%D0%BA%D0%BE%D0%B2%D0%B8%D1%9B%D0%B0+2+e,+%D0%91%D0%B5%D0%BE%D0%B3%D1%80%D0%B0%D0%B4+11040\/data=!4m2!3m1!1s0x475a706b150d6797:0xeca22432113bb034?sa=X&#038;ved=1t:242&#038;ictx=111\"   class=\"lte-inner\"><i aria-hidden=\"true\" class=\"fas fa-map-marker-alt\"><\/i><span class=\"lte-after-el\"><\/span><span class=\"lte-icon-content\"> <span class=\"lte-header lte-small\"> Dr Milutina Ivkovi\u0107a 2E <\/span> <\/span><\/a><\/li><li class=\"lte-item col-xl-12 col-xs-12\"><a href=\"mailto:info@latelier35.rs\"   class=\"lte-inner\"><i aria-hidden=\"true\" class=\"fab fa-telegram-plane\"><\/i><span class=\"lte-after-el\"><\/span><span class=\"lte-icon-content\"> <span class=\"lte-header lte-small\"> info@latelier35.rs <\/span> <\/span><\/a><\/li><\/ul>\t\t\t\t<\/div>\n\t\t\t\t<\/div>\n\t\t\t\t<\/div>\n\t\t<div class=\"elementor-element elementor-element-e787e28 e-con-full e-flex e-con e-child\" data-id=\"e787e28\" data-element_type=\"container\" data-e-type=\"container\">\n\t\t\t\t<div class=\"elementor-element elementor-element-65b7f65 elementor-widget elementor-widget-lte-cf7\" data-id=\"65b7f65\" data-element_type=\"widget\" data-e-type=\"widget\" data-widget_type=\"lte-cf7.default\">\n\t\t\t\t<div class=\"elementor-widget-container\">\n\t\t\t\t\t<div class=\"lte-contact-form-7 lte-padding- lte-btn-main lte-full-width-yes lte-background-\">\n<div class=\"wpcf7 no-js\" id=\"wpcf7-f20707-o1\" lang=\"en-US\" dir=\"ltr\" data-wpcf7-id=\"20707\">\n<div class=\"screen-reader-response\"><p role=\"status\" aria-live=\"polite\" aria-atomic=\"true\"><\/p> <ul><\/ul><\/div>\n<form action=\"\/en\/wp-json\/wp\/v2\/pages\/13611#wpcf7-f20707-o1\" method=\"post\" class=\"wpcf7-form init\" aria-label=\"Contact form\" novalidate=\"novalidate\" data-status=\"init\" data-trp-original-action=\"\/en\/wp-json\/wp\/v2\/pages\/13611#wpcf7-f20707-o1\">\n<fieldset class=\"hidden-fields-container\"><input type=\"hidden\" name=\"_wpcf7\" value=\"20707\" \/><input type=\"hidden\" name=\"_wpcf7_version\" value=\"6.1.5\" \/><input type=\"hidden\" name=\"_wpcf7_locale\" value=\"en_US\" \/><input type=\"hidden\" name=\"_wpcf7_unit_tag\" value=\"wpcf7-f20707-o1\" \/><input type=\"hidden\" name=\"_wpcf7_container_post\" value=\"0\" \/><input type=\"hidden\" name=\"_wpcf7_posted_data_hash\" value=\"\" \/>\n<\/fieldset>\n<div class=\"row\">\n\t<div class=\"col-lg-6 col-md-12 col-xs-12\">\n\t\t<p><span class=\"lte-form-icon fa fa-user\"><\/span><br \/>\n<span class=\"wpcf7-form-control-wrap\" data-name=\"field-name\"><input size=\"40\" maxlength=\"400\" class=\"wpcf7-form-control wpcf7-text wpcf7-validates-as-required\" aria-required=\"true\" aria-invalid=\"false\" placeholder=\"Full name\" value=\"\" type=\"text\" name=\"field-name\" \/><\/span>\n\t\t<\/p>\n\t<\/div>\n\t<div class=\"col-lg-6 col-md-12 col-xs-12\">\n\t\t<p><span class=\"lte-form-icon fa fa-phone-alt\"><\/span><br \/>\n<span class=\"wpcf7-form-control-wrap\" data-name=\"field-phone\"><input size=\"40\" maxlength=\"400\" class=\"wpcf7-form-control wpcf7-text wpcf7-validates-as-required\" aria-required=\"true\" aria-invalid=\"false\" placeholder=\"Phone number\" value=\"\" type=\"text\" name=\"field-phone\" \/><\/span>\n\t\t<\/p>\n\t<\/div>\n\t<div class=\"col-lg-6 col-md-12 col-xs-12\">\n\t\t<p><span class=\"lte-form-icon fa fa-envelope\"><\/span><br \/>\n<span class=\"wpcf7-form-control-wrap\" data-name=\"field-email\"><input size=\"40\" maxlength=\"400\" class=\"wpcf7-form-control wpcf7-email wpcf7-validates-as-required wpcf7-text wpcf7-validates-as-email\" aria-required=\"true\" aria-invalid=\"false\" placeholder=\"E-mail\" value=\"\" type=\"email\" name=\"field-email\" \/><\/span>\n\t\t<\/p>\n\t<\/div>\n\t<div class=\"col-lg-6 col-md-12 col-xs-12\">\n\t\t<p><span class=\"lte-form-icon fa fa-tasks\"><\/span><br \/>\n<span class=\"wpcf7-form-control-wrap\" data-name=\"field-service\"><select class=\"wpcf7-form-control wpcf7-select wpcf7-validates-as-required\" aria-required=\"true\" aria-invalid=\"false\" name=\"field-service\"><option value=\"Izaberite kategoriju usluge\">Select a service category<\/option><option value=\"Stilizovanje i farbanje\">Styling and coloring<\/option><option value=\"Tretmani i nega kose\">Treatments and care<\/option><option value=\"L\u2019atelier Signature ekstenzije\">Signature Extensions<\/option><option value=\"Pletenice i za\u0161titne frizure\">Braids and protective hairstyles<\/option><option value=\"Mu\u0161ke usluge\">Men\u2019s services<\/option><\/select><\/span>\n\t\t<\/p>\n\t<\/div>\n\t<div class=\"col-lg-12 col-md-12 col-xs-12\">\n\t\t<p><span class=\"wpcf7-form-control-wrap\" data-name=\"field-message\"><textarea cols=\"40\" rows=\"10\" maxlength=\"2000\" class=\"wpcf7-form-control wpcf7-textarea\" aria-invalid=\"false\" placeholder=\"Message\" name=\"field-message\"><\/textarea><\/span>\n\t\t<\/p>\n\t<\/div>\n<\/div>\n<p><input class=\"wpcf7-form-control wpcf7-submit has-spinner\" type=\"submit\" value=\"Send message\" \/>\n<\/p><div class=\"wpcf7-response-output\" aria-hidden=\"true\"><\/div>\n<input type=\"hidden\" name=\"trp-form-language\" value=\"en\"\/><\/form>\n<\/div>\n<\/div>\t\t\t\t<\/div>\n\t\t\t\t<\/div>\n\t\t\t\t<\/div>\n\t\t\t\t\t<\/div>\n\t\t\t\t<\/div>\n\t\t<div class=\"elementor-element elementor-element-ac91eb5 e-flex e-con-boxed e-con e-parent\" data-id=\"ac91eb5\" data-element_type=\"container\" data-e-type=\"container\">\n\t\t\t\t\t<div class=\"e-con-inner\">\n\t\t<div class=\"elementor-element elementor-element-8cf4fcc e-con-full e-flex e-con e-child\" data-id=\"8cf4fcc\" data-element_type=\"container\" data-e-type=\"container\">\n\t\t\t\t<div class=\"elementor-element elementor-element-8515c38 elementor-widget elementor-widget-google_maps\" data-id=\"8515c38\" data-element_type=\"widget\" data-e-type=\"widget\" data-widget_type=\"google_maps.default\">\n\t\t\t\t<div class=\"elementor-widget-container\">\n\t\t\t\t\t\t\t<div class=\"elementor-custom-embed\">\n\t\t\t<iframe loading=\"lazy\"\n\t\t\t\t\tsrc=\"https:\/\/maps.google.com\/maps?q=Dr%20Milutina%20Ivkovi%C4%87a%202E&#038;t=m&#038;z=15&#038;output=embed&#038;iwloc=near\"\n\t\t\t\t\ttitle=\"Dr Milutina Ivkovi\u0107a 2E\"\n\t\t\t\t\taria-label=\"Dr Milutina Ivkovi\u0107a 2E\"\n\t\t\t><\/iframe>\n\t\t<\/div>\n\t\t\t\t\t\t<\/div>\n\t\t\t\t<\/div>\n\t\t\t\t<\/div>\n\t\t<div class=\"elementor-element elementor-element-64fd1c7 e-con-full lte-background-gray e-flex e-con e-child\" data-id=\"64fd1c7\" data-element_type=\"container\" data-e-type=\"container\" data-settings=\"{&quot;background_background&quot;:&quot;classic&quot;}\">\n\t\t\t\t<div class=\"elementor-element elementor-element-1a3b8f5 elementor-widget elementor-widget-lte-header\" data-id=\"1a3b8f5\" data-element_type=\"widget\" data-e-type=\"widget\" data-widget_type=\"lte-header.default\">\n\t\t\t\t<div class=\"elementor-widget-container\">\n\t\t\t\t\t<div class=\"lte-heading lte-style-header-subheader lte-uppercase lte-subcolor-main heading-tag-h6 heading-subtag-h6\"><div class=\"lte-heading-content\"><h6 class=\"lte-header\">Opening Hours<\/h6><\/div><\/div>\t\t\t\t<\/div>\n\t\t\t\t<\/div>\n\t\t\t\t<div data-lte-animation=\"fadeRight\" data-lte-trigger=\"top 80%\" data-lte-duration=\"0.8\" data-lte-delay=\"0\" data-lte-cascade=\"true\" data-lte-cascade-animation=\"fadeRight\" data-lte-stagger=\"0.15\" class=\"elementor-element elementor-element-aa18b99 elementor-widget elementor-widget-lte-price\" data-id=\"aa18b99\" data-element_type=\"widget\" data-e-type=\"widget\" data-widget_type=\"lte-price.default\">\n\t\t\t\t<div class=\"elementor-widget-container\">\n\t\t\t\t\t<div class=\"lte-price-sc-wrapper lte-price-sc lte-filter-container lte-layout-one-col lte-style-hours\"><div class=\"lte-items\">\t\t\t\t<div class=\"lte-item\">\t\t\r\n\t\t\t\t    <div class=\"lte-description\">\r\n\t\t\t\t    \t<div class=\"lte-title\">\r\n\t\t\t        \t\t<h6 class=\"lte-header lte-title\">Monday<\/h6>\r\n\t\t\t        \t\t<span class=\"lte-dots\"><\/span>\r\n\t\t\t        \t\t<h6 class=\"lte-price\">\r\n\t\t\t        \t\t\tClosed\t\t\t        \t\t\t\t\r\n\t\t\t        \t\t\t<\/h6>\r\n\t\t\t        \t<\/div>\r\n\t\t\t\t    <\/div>\r\n\t\t\t\t<\/div>\r\n\t\t\t\t\t\t\t\t<div class=\"lte-item\">\t\t\r\n\t\t\t\t    <div class=\"lte-description\">\r\n\t\t\t\t    \t<div class=\"lte-title\">\r\n\t\t\t        \t\t<h6 class=\"lte-header lte-title\">Tuesday<\/h6>\r\n\t\t\t        \t\t<span class=\"lte-dots\"><\/span>\r\n\t\t\t        \t\t<h6 class=\"lte-price\">\r\n\t\t\t        \t\t\t10:00 AM \u2013 9:00 PM\t\t\t        \t\t\t\t\r\n\t\t\t        \t\t\t<\/h6>\r\n\t\t\t        \t<\/div>\r\n\t\t\t\t    <\/div>\r\n\t\t\t\t<\/div>\r\n\t\t\t\t\t\t\t\t<div class=\"lte-item\">\t\t\r\n\t\t\t\t    <div class=\"lte-description\">\r\n\t\t\t\t    \t<div class=\"lte-title\">\r\n\t\t\t        \t\t<h6 class=\"lte-header lte-title\">Wednesday<\/h6>\r\n\t\t\t        \t\t<span class=\"lte-dots\"><\/span>\r\n\t\t\t        \t\t<h6 class=\"lte-price\">\r\n\t\t\t        \t\t\t10:00 AM \u2013 9:00 PM\t\t\t        \t\t\t\t\r\n\t\t\t        \t\t\t<\/h6>\r\n\t\t\t        \t<\/div>\r\n\t\t\t\t    <\/div>\r\n\t\t\t\t<\/div>\r\n\t\t\t\t\t\t\t\t<div class=\"lte-item\">\t\t\r\n\t\t\t\t    <div class=\"lte-description\">\r\n\t\t\t\t    \t<div class=\"lte-title\">\r\n\t\t\t        \t\t<h6 class=\"lte-header lte-title\">Thursday<\/h6>\r\n\t\t\t        \t\t<span class=\"lte-dots\"><\/span>\r\n\t\t\t        \t\t<h6 class=\"lte-price\">\r\n\t\t\t        \t\t\t10:00 AM \u2013 9:00 PM\t\t\t        \t\t\t\t\r\n\t\t\t        \t\t\t<\/h6>\r\n\t\t\t        \t<\/div>\r\n\t\t\t\t    <\/div>\r\n\t\t\t\t<\/div>\r\n\t\t\t\t\t\t\t\t<div class=\"lte-item\">\t\t\r\n\t\t\t\t    <div class=\"lte-description\">\r\n\t\t\t\t    \t<div class=\"lte-title\">\r\n\t\t\t        \t\t<h6 class=\"lte-header lte-title\">Friday<\/h6>\r\n\t\t\t        \t\t<span class=\"lte-dots\"><\/span>\r\n\t\t\t        \t\t<h6 class=\"lte-price\">\r\n\t\t\t        \t\t\t10:00 AM \u2013 9:00 PM\t\t\t        \t\t\t\t\r\n\t\t\t        \t\t\t<\/h6>\r\n\t\t\t        \t<\/div>\r\n\t\t\t\t    <\/div>\r\n\t\t\t\t<\/div>\r\n\t\t\t\t\t\t\t\t<div class=\"lte-item\">\t\t\r\n\t\t\t\t    <div class=\"lte-description\">\r\n\t\t\t\t    \t<div class=\"lte-title\">\r\n\t\t\t        \t\t<h6 class=\"lte-header lte-title\">Saturday<\/h6>\r\n\t\t\t        \t\t<span class=\"lte-dots\"><\/span>\r\n\t\t\t        \t\t<h6 class=\"lte-price\">\r\n\t\t\t        \t\t\t10:00 AM \u2013 9:00 PM\t\t\t        \t\t\t\t\r\n\t\t\t        \t\t\t<\/h6>\r\n\t\t\t        \t<\/div>\r\n\t\t\t\t    <\/div>\r\n\t\t\t\t<\/div>\r\n\t\t\t\t\t\t\t\t<div class=\"lte-item\">\t\t\r\n\t\t\t\t    <div class=\"lte-description\">\r\n\t\t\t\t    \t<div class=\"lte-title\">\r\n\t\t\t        \t\t<h6 class=\"lte-header lte-title\">Sunday<\/h6>\r\n\t\t\t        \t\t<span class=\"lte-dots\"><\/span>\r\n\t\t\t        \t\t<h6 class=\"lte-price\">\r\n\t\t\t        \t\t\t10:00 AM \u2013 9:00 PM\t\t\t        \t\t\t\t\r\n\t\t\t        \t\t\t<\/h6>\r\n\t\t\t        \t<\/div>\r\n\t\t\t\t    <\/div>\r\n\t\t\t\t<\/div>\r\n\t\t\t\t<\/div><\/div>\t\t\t\t<\/div>\n\t\t\t\t<\/div>\n\t\t\t\t<\/div>\n\t\t\t\t\t<\/div>\n\t\t\t\t<\/div>\n\t\t\t\t<\/div>","protected":false},"excerpt":{"rendered":"<p>Kontakt REZERVACIJE I INFORMACIJE POTREBAN VAM JE SAVET ILI TERMIN? Pi\u0161ite nam za konsultaciju, preporuku usluge ili dodatne informacije.Na\u0161 tim \u0107e vam odgovoriti u najkra\u0107em roku. +381 69-270-43-85 Dr Milutina Ivkovi\u0107a 2E info@latelier35.rs Izaberite kategoriju uslugeStilizovanje i farbanjeTretmani i nega koseL\u2019atelier Signature ekstenzijePletenice i za\u0161titne frizureMu\u0161ke usluge Radno Vreme Ponedeljak zatvoreno Utorak 10:00 &#8211; 21:00 [&hellip;]<\/p>\n","protected":false},"author":1,"featured_media":49564,"parent":0,"menu_order":0,"comment_status":"closed","ping_status":"closed","template":"page-templates\/full-width.php","meta":{"footnotes":""},"class_list":["post-13611","page","type-page","status-publish","has-post-thumbnail","hentry"],"yoast_head":"<!-- This site is optimized with the Yoast SEO plugin v27.0 - https:\/\/yoast.com\/product\/yoast-seo-wordpress\/ -->\n<title>Kontakt - Latelier 35<\/title>\n<meta name=\"robots\" content=\"index, follow, max-snippet:-1, max-image-preview:large, max-video-preview:-1\" \/>\n<link rel=\"canonical\" href=\"https:\/\/latelier35.rs\/en\/kontakt\/\" \/>\n<meta property=\"og:locale\" content=\"en_GB\" \/>\n<meta property=\"og:type\" content=\"article\" \/>\n<meta property=\"og:title\" content=\"Kontakt - Latelier 35\" \/>\n<meta property=\"og:description\" content=\"Kontakt REZERVACIJE I INFORMACIJE POTREBAN VAM JE SAVET ILI TERMIN? Pi\u0161ite nam za konsultaciju, preporuku usluge ili dodatne informacije.Na\u0161 tim \u0107e vam odgovoriti u najkra\u0107em roku. +381 69-270-43-85 Dr Milutina Ivkovi\u0107a 2E info@latelier35.rs Izaberite kategoriju uslugeStilizovanje i farbanjeTretmani i nega koseL\u2019atelier Signature ekstenzijePletenice i za\u0161titne frizureMu\u0161ke usluge Radno Vreme Ponedeljak zatvoreno Utorak 10:00 &#8211; 21:00 [&hellip;]\" \/>\n<meta property=\"og:url\" content=\"https:\/\/latelier35.rs\/en\/kontakt\/\" \/>\n<meta property=\"og:site_name\" content=\"Latelier 35\" \/>\n<meta property=\"article:modified_time\" content=\"2026-02-22T16:28:02+00:00\" \/>\n<meta property=\"og:image\" content=\"https:\/\/latelier35.rs\/wp-content\/uploads\/2025\/10\/inner_header_contacts.jpg\" \/>\n\t<meta property=\"og:image:width\" content=\"1920\" \/>\n\t<meta property=\"og:image:height\" content=\"1200\" \/>\n\t<meta property=\"og:image:type\" content=\"image\/jpeg\" \/>\n<meta name=\"twitter:card\" content=\"summary_large_image\" \/>\n<script type=\"application\/ld+json\" class=\"yoast-schema-graph\">{\"@context\":\"https:\/\/schema.org\",\"@graph\":[{\"@type\":\"WebPage\",\"@id\":\"https:\/\/latelier35.rs\/kontakt\/\",\"url\":\"https:\/\/latelier35.rs\/kontakt\/\",\"name\":\"Kontakt - Latelier 35\",\"isPartOf\":{\"@id\":\"https:\/\/latelier35.rs\/#website\"},\"primaryImageOfPage\":{\"@id\":\"https:\/\/latelier35.rs\/kontakt\/#primaryimage\"},\"image\":{\"@id\":\"https:\/\/latelier35.rs\/kontakt\/#primaryimage\"},\"thumbnailUrl\":\"https:\/\/latelier35.rs\/wp-content\/uploads\/2025\/10\/inner_header_contacts.jpg\",\"datePublished\":\"2020-04-13T22:21:39+00:00\",\"dateModified\":\"2026-02-22T16:28:02+00:00\",\"breadcrumb\":{\"@id\":\"https:\/\/latelier35.rs\/kontakt\/#breadcrumb\"},\"inLanguage\":\"en-GB\",\"potentialAction\":[{\"@type\":\"ReadAction\",\"target\":[\"https:\/\/latelier35.rs\/kontakt\/\"]}]},{\"@type\":\"ImageObject\",\"inLanguage\":\"en-GB\",\"@id\":\"https:\/\/latelier35.rs\/kontakt\/#primaryimage\",\"url\":\"https:\/\/latelier35.rs\/wp-content\/uploads\/2025\/10\/inner_header_contacts.jpg\",\"contentUrl\":\"https:\/\/latelier35.rs\/wp-content\/uploads\/2025\/10\/inner_header_contacts.jpg\",\"width\":1920,\"height\":1200},{\"@type\":\"BreadcrumbList\",\"@id\":\"https:\/\/latelier35.rs\/kontakt\/#breadcrumb\",\"itemListElement\":[{\"@type\":\"ListItem\",\"position\":1,\"name\":\"Home\",\"item\":\"https:\/\/latelier35.rs\/\"},{\"@type\":\"ListItem\",\"position\":2,\"name\":\"Kontakt\"}]},{\"@type\":\"WebSite\",\"@id\":\"https:\/\/latelier35.rs\/#website\",\"url\":\"https:\/\/latelier35.rs\/\",\"name\":\"Latelier 35\",\"description\":\"\",\"publisher\":{\"@id\":\"https:\/\/latelier35.rs\/#organization\"},\"potentialAction\":[{\"@type\":\"SearchAction\",\"target\":{\"@type\":\"EntryPoint\",\"urlTemplate\":\"https:\/\/latelier35.rs\/?s={search_term_string}\"},\"query-input\":{\"@type\":\"PropertyValueSpecification\",\"valueRequired\":true,\"valueName\":\"search_term_string\"}}],\"inLanguage\":\"en-GB\"},{\"@type\":\"Organization\",\"@id\":\"https:\/\/latelier35.rs\/#organization\",\"name\":\"Latelier 35\",\"url\":\"https:\/\/latelier35.rs\/\",\"logo\":{\"@type\":\"ImageObject\",\"inLanguage\":\"en-GB\",\"@id\":\"https:\/\/latelier35.rs\/#\/schema\/logo\/image\/\",\"url\":\"https:\/\/latelier35.rs\/wp-content\/uploads\/2026\/02\/Latelier35-crni-1024x683.png\",\"contentUrl\":\"https:\/\/latelier35.rs\/wp-content\/uploads\/2026\/02\/Latelier35-crni-1024x683.png\",\"width\":1024,\"height\":683,\"caption\":\"Latelier 35\"},\"image\":{\"@id\":\"https:\/\/latelier35.rs\/#\/schema\/logo\/image\/\"}}]}<\/script>\n<!-- \/ Yoast SEO plugin. -->","yoast_head_json":{"title":"Kontakt - Latelier 35","robots":{"index":"index","follow":"follow","max-snippet":"max-snippet:-1","max-image-preview":"max-image-preview:large","max-video-preview":"max-video-preview:-1"},"canonical":"https:\/\/latelier35.rs\/en\/kontakt\/","og_locale":"en_GB","og_type":"article","og_title":"Kontakt - Latelier 35","og_description":"Kontakt REZERVACIJE I INFORMACIJE POTREBAN VAM JE SAVET ILI TERMIN? Pi\u0161ite nam za konsultaciju, preporuku usluge ili dodatne informacije.Na\u0161 tim \u0107e vam odgovoriti u najkra\u0107em roku. +381 69-270-43-85 Dr Milutina Ivkovi\u0107a 2E info@latelier35.rs Izaberite kategoriju uslugeStilizovanje i farbanjeTretmani i nega koseL\u2019atelier Signature ekstenzijePletenice i za\u0161titne frizureMu\u0161ke usluge Radno Vreme Ponedeljak zatvoreno Utorak 10:00 &#8211; 21:00 [&hellip;]","og_url":"https:\/\/latelier35.rs\/en\/kontakt\/","og_site_name":"Latelier 35","article_modified_time":"2026-02-22T16:28:02+00:00","og_image":[{"width":1920,"height":1200,"url":"https:\/\/latelier35.rs\/wp-content\/uploads\/2025\/10\/inner_header_contacts.jpg","type":"image\/jpeg"}],"twitter_card":"summary_large_image","schema":{"@context":"https:\/\/schema.org","@graph":[{"@type":"WebPage","@id":"https:\/\/latelier35.rs\/kontakt\/","url":"https:\/\/latelier35.rs\/kontakt\/","name":"Kontakt - Latelier 35","isPartOf":{"@id":"https:\/\/latelier35.rs\/#website"},"primaryImageOfPage":{"@id":"https:\/\/latelier35.rs\/kontakt\/#primaryimage"},"image":{"@id":"https:\/\/latelier35.rs\/kontakt\/#primaryimage"},"thumbnailUrl":"https:\/\/latelier35.rs\/wp-content\/uploads\/2025\/10\/inner_header_contacts.jpg","datePublished":"2020-04-13T22:21:39+00:00","dateModified":"2026-02-22T16:28:02+00:00","breadcrumb":{"@id":"https:\/\/latelier35.rs\/kontakt\/#breadcrumb"},"inLanguage":"en-GB","potentialAction":[{"@type":"ReadAction","target":["https:\/\/latelier35.rs\/kontakt\/"]}]},{"@type":"ImageObject","inLanguage":"en-GB","@id":"https:\/\/latelier35.rs\/kontakt\/#primaryimage","url":"https:\/\/latelier35.rs\/wp-content\/uploads\/2025\/10\/inner_header_contacts.jpg","contentUrl":"https:\/\/latelier35.rs\/wp-content\/uploads\/2025\/10\/inner_header_contacts.jpg","width":1920,"height":1200},{"@type":"BreadcrumbList","@id":"https:\/\/latelier35.rs\/kontakt\/#breadcrumb","itemListElement":[{"@type":"ListItem","position":1,"name":"Home","item":"https:\/\/latelier35.rs\/"},{"@type":"ListItem","position":2,"name":"Kontakt"}]},{"@type":"WebSite","@id":"https:\/\/latelier35.rs\/#website","url":"https:\/\/latelier35.rs\/","name":"Latelier 35","description":"","publisher":{"@id":"https:\/\/latelier35.rs\/#organization"},"potentialAction":[{"@type":"SearchAction","target":{"@type":"EntryPoint","urlTemplate":"https:\/\/latelier35.rs\/?s={search_term_string}"},"query-input":{"@type":"PropertyValueSpecification","valueRequired":true,"valueName":"search_term_string"}}],"inLanguage":"en-GB"},{"@type":"Organization","@id":"https:\/\/latelier35.rs\/#organization","name":"Latelier 35","url":"https:\/\/latelier35.rs\/","logo":{"@type":"ImageObject","inLanguage":"en-GB","@id":"https:\/\/latelier35.rs\/#\/schema\/logo\/image\/","url":"https:\/\/latelier35.rs\/wp-content\/uploads\/2026\/02\/Latelier35-crni-1024x683.png","contentUrl":"https:\/\/latelier35.rs\/wp-content\/uploads\/2026\/02\/Latelier35-crni-1024x683.png","width":1024,"height":683,"caption":"Latelier 35"},"image":{"@id":"https:\/\/latelier35.rs\/#\/schema\/logo\/image\/"}}]}},"_links":{"self":[{"href":"https:\/\/latelier35.rs\/en\/wp-json\/wp\/v2\/pages\/13611","targetHints":{"allow":["GET"]}}],"collection":[{"href":"https:\/\/latelier35.rs\/en\/wp-json\/wp\/v2\/pages"}],"about":[{"href":"https:\/\/latelier35.rs\/en\/wp-json\/wp\/v2\/types\/page"}],"author":[{"embeddable":true,"href":"https:\/\/latelier35.rs\/en\/wp-json\/wp\/v2\/users\/1"}],"replies":[{"embeddable":true,"href":"https:\/\/latelier35.rs\/en\/wp-json\/wp\/v2\/comments?post=13611"}],"version-history":[{"count":25,"href":"https:\/\/latelier35.rs\/en\/wp-json\/wp\/v2\/pages\/13611\/revisions"}],"predecessor-version":[{"id":51592,"href":"https:\/\/latelier35.rs\/en\/wp-json\/wp\/v2\/pages\/13611\/revisions\/51592"}],"wp:featuredmedia":[{"embeddable":true,"href":"https:\/\/latelier35.rs\/en\/wp-json\/wp\/v2\/media\/49564"}],"wp:attachment":[{"href":"https:\/\/latelier35.rs\/en\/wp-json\/wp\/v2\/media?parent=13611"}],"curies":[{"name":"wp","href":"https:\/\/api.w.org\/{rel}","templated":true}]}}